{"id":6544,"date":"2026-02-09T03:07:44","date_gmt":"2026-02-09T02:07:44","guid":{"rendered":"https:\/\/www.autoturist-ns.com\/en\/?page_id=6544"},"modified":"2026-02-09T03:15:11","modified_gmt":"2026-02-09T02:15:11","slug":"from-belgrade-airport-to-vojvodina-all-places","status":"publish","type":"page","link":"https:\/\/www.autoturist-ns.com\/en\/airport-transfer\/from-belgrade-airport-to-vojvodina-all-places\/","title":{"rendered":"Transportation: FROM BELGRADE AIRPORT TO ANYWHERE IN VOJVODINA REGION"},"content":{"rendered":"<div class=\"uk-animation-fade\">\r\n\r\n<p>Here is a transfer pricelist, from Belgrade airport to any place in Vojvodina region. Also, we can provide transfer on any other route you are interested in. You can send your inquiry via email or give us a call.<\/p>\r\n\r\n<div class=\"uk-overflow-container\">\r\n<table class=\"uk-table table table-striped table-bordered de-table denode-s-table\" border=\"0\" width=\"100%\">\r\n<thead>\r\n<tr>\r\n<th colspan=\"3\">FROM OTHER CITIES TO THE BELGRADE AIRPORT <br \/>\r\n<small>Pricelist &#8211; from Beograde airport to Vojvodina towns (or reverse).<\/small><\/th>\r\n<\/tr>\r\n<tr>\r\n<td width=\"60%\">Towns and cities in Vojvodina<\/td>\r\n<td width=\"20%\">Car<\/td>\r\n<td width=\"20%\">Van<\/td>\r\n<\/tr>\r\n<\/thead>\r\n<tbody>\r\n<tr>\r\n<td>Sremski Karlovci, Kovilj<\/td>\r\n<td>7.000 din<\/td>\r\n<td>12.000 din<\/td>\r\n<\/tr>\r\n<tr>\r\n<td>Bukovac, Veternik<\/td>\r\n<td>7.500 din<\/td>\r\n<td>13.000 din<\/td>\r\n<\/tr>\r\n<tr>\r\n<td>Futog, Ka\u0107, Ledinci, Rumenka<\/td>\r\n<td>8.000 din<\/td>\r\n<td>14.000 din<\/td>\r\n<\/tr>\r\n<tr>\r\n<td>Ba\u010dki Jarak, \u010cenej, Budisava, Rakovac, \u0160ajka\u0161, Vrdnik<\/td>\r\n<td>9.000 din<\/td>\r\n<td>15.000 din<\/td>\r\n<\/tr>\r\n<tr>\r\n<td>Ba\u010dki Petrovac, Bege\u010d, Beo\u010din, \u0110ur\u0111evo, Kisa\u010d, Rakovac, Sirig, Stepanovi\u0107evo, Temerin, \u017dabalj<\/td>\r\n<td>10.000 din<\/td>\r\n<td>16.000 din<\/td>\r\n<\/tr>\r\n<tr>\r\n<td>Bano\u0161tor, \u010celarevo, \u010cerevi\u0107, \u010curug, Glo\u017ean, Gospo\u0111inci, Kulpin, Magli\u0107<\/td>\r\n<td>11.000 din<\/td>\r\n<td>17.000 din<\/td>\r\n<\/tr>\r\n<tr>\r\n<td>Ba\u010dko Gradi\u0161te, Nadalj, Srbobran, Titel, Zrenjanin, Zmajevo<\/td>\r\n<td>12.000 din<\/td>\r\n<td>18.000 din<\/td>\r\n<\/tr>\r\n<tr>\r\n<td>Ba\u010dka Palanka, Despotovo, Kucura, Savino Selo, Turija, Vrbas<\/td>\r\n<td>12.500 din<\/td>\r\n<td>19.000 din<\/td>\r\n<\/tr>\r\n<tr>\r\n<td>Be\u010dej, Feketi\u0107, Kula<\/td>\r\n<td>13.000 din<\/td>\r\n<td>20.000 din<\/td>\r\n<\/tr>\r\n<tr>\r\n<td>Ba\u010d, Novi Be\u010dej, Od\u017eaci, Ruski Krstur<\/td>\r\n<td>13.500 din<\/td>\r\n<td>22.000 din<\/td>\r\n<\/tr>\r\n<tr>\r\n<td>Ada, Ba\u010dka Topola, Crvenka<\/td>\r\n<td>14.000 din<\/td>\r\n<td>23.000 din<\/td>\r\n<\/tr>\r\n<tr>\r\n<td>Kanji\u017ea, Kikinda, Senta, Sombor, Subotica<\/td>\r\n<td>15.000 din<\/td>\r\n<td>24.000 din<\/td>\r\n<\/tr>\r\n<tr>\r\n<td>Some other town\/city<\/td>\r\n<td>On request<\/td>\r\n<td>On request<\/td>\r\n<\/tr>\r\n<tr>\r\n<td colspan=\"3\">Price is expressed per vehicle, in one way, all pay tools included.<br \/>For more than 1 pick up and drop of address extra charge is 3000 dinars (30 \u20ac) for van.<\/td>\r\n<\/tr>\r\n<\/tbody>\r\n<\/table>\r\n<\/div>\r\n\r\n\n\n<div class=\"uk-grid-width-1-1 uk-grid-width-medium-1-2 uk-grid uk-grid-match uk-grid-collapse \" data-uk-grid-match=\"{target:'> div > .uk-panel', row:true}\" data-uk-grid-margin  data-uk-scrollspy=\"{cls:'uk-animation-scale-up uk-invisible', target:'> div > .uk-panel', delay:300}\">\n\n    \n    <div>\n    \n<div class=\"uk-panel uk-invisible\">\n\n    <figure class=\"uk-overlay uk-overlay-hover \">\n\n        <img loading=\"lazy\" decoding=\"async\" src=\"\/en\/wp-content\/plugins\/widgetkit\/cache\/0001_-_pasat-386c8d88c3.jpg\" class=\"uk-overlay-scale\" alt=\"0001 - pasat\" width=\"1280\" height=\"688\">\n        \n        <div class=\"uk-overlay-panel uk-overlay-fade uk-flex uk-flex-center uk-flex-middle uk-text-center\">\n            <div>\n\n                \n                \n                                <div class=\"uk-grid uk-grid-small uk-flex-center uk-margin\" data-uk-grid-margin>\n\n                    \n                                        <div><a class=\"uk-button uk-button-primary\" href=\"\/en\/wp-content\/plugins\/widgetkit\/cache\/0001_-_pasat-7a483d8650.jpg\" data-lightbox-type=\"image\" data-uk-lightbox=\"{group:'.wk-2f64'}\" >View picture<\/a><\/div>\n                    \n                <\/div>\n                \n            <\/div>\n        <\/div>\n\n        \n    <\/figure>\n\n<\/div>    <\/div>\n\n        \n    <div>\n    \n<div class=\"uk-panel uk-invisible\">\n\n    <figure class=\"uk-overlay uk-overlay-hover \">\n\n        <img loading=\"lazy\" decoding=\"async\" src=\"\/en\/wp-content\/plugins\/widgetkit\/cache\/0002_-_pasat-0564d208aa.jpg\" class=\"uk-overlay-scale\" alt=\"0002 - pasat\" width=\"1280\" height=\"688\">\n        \n        <div class=\"uk-overlay-panel uk-overlay-fade uk-flex uk-flex-center uk-flex-middle uk-text-center\">\n            <div>\n\n                \n                \n                                <div class=\"uk-grid uk-grid-small uk-flex-center uk-margin\" data-uk-grid-margin>\n\n                    \n                                        <div><a class=\"uk-button uk-button-primary\" href=\"\/en\/wp-content\/plugins\/widgetkit\/cache\/0002_-_pasat-9d696d9bfc.jpg\" data-lightbox-type=\"image\" data-uk-lightbox=\"{group:'.wk-2f64'}\" >View picture<\/a><\/div>\n                    \n                <\/div>\n                \n            <\/div>\n        <\/div>\n\n        \n    <\/figure>\n\n<\/div>    <\/div>\n\n        \n    <div>\n    \n<div class=\"uk-panel uk-invisible\">\n\n    <figure class=\"uk-overlay uk-overlay-hover \">\n\n        <img loading=\"lazy\" decoding=\"async\" src=\"\/en\/wp-content\/plugins\/widgetkit\/cache\/0003_-_pasat-b98754b067.jpg\" class=\"uk-overlay-scale\" alt=\"0003 - pasat\" width=\"1280\" height=\"688\">\n        \n        <div class=\"uk-overlay-panel uk-overlay-fade uk-flex uk-flex-center uk-flex-middle uk-text-center\">\n            <div>\n\n                \n                \n                                <div class=\"uk-grid uk-grid-small uk-flex-center uk-margin\" data-uk-grid-margin>\n\n                    \n                                        <div><a class=\"uk-button uk-button-primary\" href=\"\/en\/wp-content\/plugins\/widgetkit\/cache\/0003_-_pasat-139e642a17.jpg\" data-lightbox-type=\"image\" data-uk-lightbox=\"{group:'.wk-2f64'}\" >View picture<\/a><\/div>\n                    \n                <\/div>\n                \n            <\/div>\n        <\/div>\n\n        \n    <\/figure>\n\n<\/div>    <\/div>\n\n        \n    <div>\n    \n<div class=\"uk-panel uk-invisible\">\n\n    <figure class=\"uk-overlay uk-overlay-hover \">\n\n        <img loading=\"lazy\" decoding=\"async\" src=\"\/en\/wp-content\/plugins\/widgetkit\/cache\/0004_-_pasat-b98754b067.jpg\" class=\"uk-overlay-scale\" alt=\"0004 - pasat\" width=\"1280\" height=\"688\">\n        \n        <div class=\"uk-overlay-panel uk-overlay-fade uk-flex uk-flex-center uk-flex-middle uk-text-center\">\n            <div>\n\n                \n                \n                                <div class=\"uk-grid uk-grid-small uk-flex-center uk-margin\" data-uk-grid-margin>\n\n                    \n                                        <div><a class=\"uk-button uk-button-primary\" href=\"\/en\/wp-content\/plugins\/widgetkit\/cache\/0004_-_pasat-139e642a17.jpg\" data-lightbox-type=\"image\" data-uk-lightbox=\"{group:'.wk-2f64'}\" >View picture<\/a><\/div>\n                    \n                <\/div>\n                \n            <\/div>\n        <\/div>\n\n        \n    <\/figure>\n\n<\/div>    <\/div>\n\n        \n    <div>\n    \n<div class=\"uk-panel uk-invisible\">\n\n    <figure class=\"uk-overlay uk-overlay-hover \">\n\n        <img loading=\"lazy\" decoding=\"async\" src=\"\/en\/wp-content\/plugins\/widgetkit\/cache\/0005_-_pasat-f57d8caa0c.jpg\" class=\"uk-overlay-scale\" alt=\"0005 - pasat\" width=\"1280\" height=\"688\">\n        \n        <div class=\"uk-overlay-panel uk-overlay-fade uk-flex uk-flex-center uk-flex-middle uk-text-center\">\n            <div>\n\n                \n                \n                                <div class=\"uk-grid uk-grid-small uk-flex-center uk-margin\" data-uk-grid-margin>\n\n                    \n                                        <div><a class=\"uk-button uk-button-primary\" href=\"\/en\/wp-content\/plugins\/widgetkit\/cache\/0005_-_pasat-c82f1eb0f7.jpg\" data-lightbox-type=\"image\" data-uk-lightbox=\"{group:'.wk-2f64'}\" >View picture<\/a><\/div>\n                    \n                <\/div>\n                \n            <\/div>\n        <\/div>\n\n        \n    <\/figure>\n\n<\/div>    <\/div>\n\n        \n    <div>\n    \n<div class=\"uk-panel uk-invisible\">\n\n    <figure class=\"uk-overlay uk-overlay-hover \">\n\n        <img loading=\"lazy\" decoding=\"async\" src=\"\/en\/wp-content\/plugins\/widgetkit\/cache\/0006_-_skoda_supeb-5c7982fd8e.jpg\" class=\"uk-overlay-scale\" alt=\"0006 - skoda supeb\" width=\"1280\" height=\"688\">\n        \n        <div class=\"uk-overlay-panel uk-overlay-fade uk-flex uk-flex-center uk-flex-middle uk-text-center\">\n            <div>\n\n                \n                \n                                <div class=\"uk-grid uk-grid-small uk-flex-center uk-margin\" data-uk-grid-margin>\n\n                    \n                                        <div><a class=\"uk-button uk-button-primary\" href=\"\/en\/wp-content\/plugins\/widgetkit\/cache\/0006_-_skoda_supeb-1f9c4a26d4.jpg\" data-lightbox-type=\"image\" data-uk-lightbox=\"{group:'.wk-2f64'}\" >View picture<\/a><\/div>\n                    \n                <\/div>\n                \n            <\/div>\n        <\/div>\n\n        \n    <\/figure>\n\n<\/div>    <\/div>\n\n        \n    <div>\n    \n<div class=\"uk-panel uk-invisible\">\n\n    <figure class=\"uk-overlay uk-overlay-hover \">\n\n        <img loading=\"lazy\" decoding=\"async\" src=\"\/en\/wp-content\/plugins\/widgetkit\/cache\/0007_-_mercedes_e_klasa-3cf817526d.jpg\" class=\"uk-overlay-scale\" alt=\"0007 - mercedes e klasa\" width=\"1280\" height=\"688\">\n        \n        <div class=\"uk-overlay-panel uk-overlay-fade uk-flex uk-flex-center uk-flex-middle uk-text-center\">\n            <div>\n\n                \n                \n                                <div class=\"uk-grid uk-grid-small uk-flex-center uk-margin\" data-uk-grid-margin>\n\n                    \n                                        <div><a class=\"uk-button uk-button-primary\" href=\"\/en\/wp-content\/plugins\/widgetkit\/cache\/0007_-_mercedes_e_klasa-fd0e30bfc4.jpg\" data-lightbox-type=\"image\" data-uk-lightbox=\"{group:'.wk-2f64'}\" >View picture<\/a><\/div>\n                    \n                <\/div>\n                \n            <\/div>\n        <\/div>\n\n        \n    <\/figure>\n\n<\/div>    <\/div>\n\n        \n    <div>\n    \n<div class=\"uk-panel uk-invisible\">\n\n    <figure class=\"uk-overlay uk-overlay-hover \">\n\n        <img loading=\"lazy\" decoding=\"async\" src=\"\/en\/wp-content\/plugins\/widgetkit\/cache\/0008_-_audi_s-lajn-85bd2c19f7.jpg\" class=\"uk-overlay-scale\" alt=\"0008 - audi s-lajn\" width=\"1280\" height=\"688\">\n        \n        <div class=\"uk-overlay-panel uk-overlay-fade uk-flex uk-flex-center uk-flex-middle uk-text-center\">\n            <div>\n\n                \n                \n                                <div class=\"uk-grid uk-grid-small uk-flex-center uk-margin\" data-uk-grid-margin>\n\n                    \n                                        <div><a class=\"uk-button uk-button-primary\" href=\"\/en\/wp-content\/plugins\/widgetkit\/cache\/0008_-_audi_s-lajn-88c51e4a91.jpg\" data-lightbox-type=\"image\" data-uk-lightbox=\"{group:'.wk-2f64'}\" >View picture<\/a><\/div>\n                    \n                <\/div>\n                \n            <\/div>\n        <\/div>\n\n        \n    <\/figure>\n\n<\/div>    <\/div>\n\n        \n    <div>\n    \n<div class=\"uk-panel uk-invisible\">\n\n    <figure class=\"uk-overlay uk-overlay-hover \">\n\n        <img loading=\"lazy\" decoding=\"async\" src=\"\/en\/wp-content\/plugins\/widgetkit\/cache\/0009_-_kombi-fb46e3c524.jpg\" class=\"uk-overlay-scale\" alt=\"0009 - kombi\" width=\"1280\" height=\"688\">\n        \n        <div class=\"uk-overlay-panel uk-overlay-fade uk-flex uk-flex-center uk-flex-middle uk-text-center\">\n            <div>\n\n                \n                \n                                <div class=\"uk-grid uk-grid-small uk-flex-center uk-margin\" data-uk-grid-margin>\n\n                    \n                                        <div><a class=\"uk-button uk-button-primary\" href=\"\/en\/wp-content\/plugins\/widgetkit\/cache\/0009_-_kombi-3961f77281.jpg\" data-lightbox-type=\"image\" data-uk-lightbox=\"{group:'.wk-2f64'}\" >View picture<\/a><\/div>\n                    \n                <\/div>\n                \n            <\/div>\n        <\/div>\n\n        \n    <\/figure>\n\n<\/div>    <\/div>\n\n        \n    <div>\n    \n<div class=\"uk-panel uk-invisible\">\n\n    <figure class=\"uk-overlay uk-overlay-hover \">\n\n        <img loading=\"lazy\" decoding=\"async\" src=\"\/en\/wp-content\/plugins\/widgetkit\/cache\/0010_-_kombi_vip-fb46e3c524.jpg\" class=\"uk-overlay-scale\" alt=\"0010 - kombi vip\" width=\"1280\" height=\"688\">\n        \n        <div class=\"uk-overlay-panel uk-overlay-fade uk-flex uk-flex-center uk-flex-middle uk-text-center\">\n            <div>\n\n                \n                \n                                <div class=\"uk-grid uk-grid-small uk-flex-center uk-margin\" data-uk-grid-margin>\n\n                    \n                                        <div><a class=\"uk-button uk-button-primary\" href=\"\/en\/wp-content\/plugins\/widgetkit\/cache\/0010_-_kombi_vip-3961f77281.jpg\" data-lightbox-type=\"image\" data-uk-lightbox=\"{group:'.wk-2f64'}\" >View picture<\/a><\/div>\n                    \n                <\/div>\n                \n            <\/div>\n        <\/div>\n\n        \n    <\/figure>\n\n<\/div>    <\/div>\n\n    \n<\/div>\n\r\n<\/div>","protected":false},"excerpt":{"rendered":"<p>Here is a transfer pricelist, from Belgrade airport to any place in Vojvodina region. Also, we can provide transfer on any other route you are interested in. You can send your inquiry via email or give us a call. FROM OTHER CITIES TO THE BELGRADE AIRPORT Pricelist &#8211; from Beograde airport to Vojvodina towns (or [&hellip;]<\/p>\n","protected":false},"author":1,"featured_media":0,"parent":5,"menu_order":3,"comment_status":"closed","ping_status":"closed","template":"","meta":{"_monsterinsights_skip_tracking":false,"_monsterinsights_sitenote_active":false,"_monsterinsights_sitenote_note":"","_monsterinsights_sitenote_category":0,"footnotes":""},"_links":{"self":[{"href":"https:\/\/www.autoturist-ns.com\/en\/wp-json\/wp\/v2\/pages\/6544"}],"collection":[{"href":"https:\/\/www.autoturist-ns.com\/en\/wp-json\/wp\/v2\/pages"}],"about":[{"href":"https:\/\/www.autoturist-ns.com\/en\/wp-json\/wp\/v2\/types\/page"}],"author":[{"embeddable":true,"href":"https:\/\/www.autoturist-ns.com\/en\/wp-json\/wp\/v2\/users\/1"}],"replies":[{"embeddable":true,"href":"https:\/\/www.autoturist-ns.com\/en\/wp-json\/wp\/v2\/comments?post=6544"}],"version-history":[{"count":0,"href":"https:\/\/www.autoturist-ns.com\/en\/wp-json\/wp\/v2\/pages\/6544\/revisions"}],"up":[{"embeddable":true,"href":"https:\/\/www.autoturist-ns.com\/en\/wp-json\/wp\/v2\/pages\/5"}],"wp:attachment":[{"href":"https:\/\/www.autoturist-ns.com\/en\/wp-json\/wp\/v2\/media?parent=6544"}],"curies":[{"name":"wp","href":"https:\/\/api.w.org\/{rel}","templated":true}]}}