{"id":62,"date":"2018-03-23T06:53:39","date_gmt":"2018-03-23T05:53:39","guid":{"rendered":"http:\/\/autoturist-ns.com\/new\/en\/?page_id=62"},"modified":"2021-07-19T17:19:43","modified_gmt":"2021-07-19T15:19:43","slug":"about-us","status":"publish","type":"page","link":"https:\/\/www.autoturist-ns.com\/en\/home\/about-us\/","title":{"rendered":"About Us"},"content":{"rendered":"<p><strong>AUTOTURIST NS-1989<\/strong> DOO travel agency was established on August 28th year 1989. The agency offers tourist trips in Serbia and abroad, off-line transportation of passengers and other travel services (travel insurance, bus tickets, accomodation&#8230;). Our specialties in incoming travel services are:<\/p>\r\n<ul>\r\n<li><b><a title=\"Airport transfers\" href=\"https:\/\/www.autoturist-ns.com\/en\/airport-transfer\/\" rel=\"noopener\"> AIRPORT \/ CITY TRANSFERS<\/a><\/b> &#8211; from\/to the airports\/cities in the region to NOVI SAD, BELGRADE and SUBOTICA,<\/li>\r\n<li><b>SEIGHTSEEING OF NOVI SAD &amp; PETROVARADIN FORTRESS<\/b>,<\/li>\r\n<li>One-day excursions to <b>SREMSKI KARLOVCI, FRU\u0160KA GORA MONASTERIES AND WINE CELLARS&#8230;<\/b><\/li>\r\n<\/ul>\r\n<p>In our office is our Winehouse Vina Vojvodine, where you can taste, consume or buy some of best of &#8220;Vojvodina resort&#8221; wines.<\/p>\r\n<p>Our references are increasing number of regular passengers and partners (from Serbia and abroad), in the fields of Travel &amp; Tourism companies, Hotels &amp; Pansions, Culture &amp; Entertainment institutions, Universities &amp; Colleges, IT companies, NGO, Medical &amp; Healthcare institutions&#8230;<\/p>\r\n<p>Our head office is located in the city center of Novi Sad \u2013 in pedestrian zone, at 2 Mite Ru\u017ei\u0107a street (between the Katoli\u010dka porta square and Laze Tele\u010dkog street). If you are arriving by car, nearest parking is in Mileticeva street and Gr\u010dko\u0161kolska street, at the Trifkovi\u0107 square and in public garage service just by the Serbian National Theater. If you arriving by public transport, all the bus lines that pass through the city center have a point, not more than 300m from the agency. In our office is our Winehouse Vina Vojvodine, where you can taste, consume or buy some of best of \u201cVojvodina resort\u201d wines.<\/p>\r\n\r\n<dl class=\"uk-description-list-horizontal\">\r\n<dt>Working hours: <\/dt> <dd>Monday \u2013 Friday: 09 \u2013 19h, Saturday: 09 \u2013 14h, Sunday: closed<\/dd>\r\n<dt>Address: <\/dt> <dd>2 Mite Ru\u017ei\u0107a (Katoli\u010dka porta) 21000 Novi Sad, Serbia (GPS: 45.256312, 19.845423)<\/dd>\r\n<dt>Telephone: <\/dt> <dd>+381 21 523 863, +381 21 451 156 (during business hours)<\/dd>\r\n<dt>Mobile: <\/dt> <dd>+381 62 523 863,  +381 63 504 587<\/dd>\r\n<dt>Viber &#038; WhatsApp: <\/dt> <dd>+381 62 523 863 (10 &#8211; 22h per CET)<\/dd>\r\n<dt>Telegram: <\/dt> <dd>+381 62 523 863 (10 &#8211; 22h per CET)<\/dd>\r\n<dt>E-mail: <\/dt> <dd><a title=\"Click to send us mail\" href=\"mailto:autoturist.ns@gmail.com?subject=Contact from page -About us-\">autoturist.ns@gmail.com<\/a><\/dd>\r\n<dt>Facebook: <\/dt> <dd>Autoturist.NoviSad<\/dd>\r\n<\/dl>\r\n\r\n<div class=\"uk-alert uk-alert-warning uk-text-large uk-text-center\">For airport\/city transfers there is 24\/7 call center: +381 62 523 863, +381 63 504 587.<\/div>\r\n\r\n<div class=\"agm-canvas\" id=\"agm-canvas\" style=\"margin: 0 auto; width:100%; height:450px;\"><\/div>","protected":false},"excerpt":{"rendered":"<p>AUTOTURIST NS-1989 DOO travel agency was established on August 28th year 1989. The agency offers tourist trips in Serbia and abroad, off-line transportation of passengers and other travel services (travel insurance, bus tickets, accomodation&#8230;). Our specialties in incoming travel services are: AIRPORT \/ CITY TRANSFERS &#8211; from\/to the airports\/cities in the region to NOVI SAD, [&hellip;]<\/p>\n","protected":false},"author":1,"featured_media":0,"parent":2,"menu_order":0,"comment_status":"closed","ping_status":"closed","template":"","meta":{"_monsterinsights_skip_tracking":false,"_monsterinsights_sitenote_active":false,"_monsterinsights_sitenote_note":"","_monsterinsights_sitenote_category":0,"footnotes":""},"_links":{"self":[{"href":"https:\/\/www.autoturist-ns.com\/en\/wp-json\/wp\/v2\/pages\/62"}],"collection":[{"href":"https:\/\/www.autoturist-ns.com\/en\/wp-json\/wp\/v2\/pages"}],"about":[{"href":"https:\/\/www.autoturist-ns.com\/en\/wp-json\/wp\/v2\/types\/page"}],"author":[{"embeddable":true,"href":"https:\/\/www.autoturist-ns.com\/en\/wp-json\/wp\/v2\/users\/1"}],"replies":[{"embeddable":true,"href":"https:\/\/www.autoturist-ns.com\/en\/wp-json\/wp\/v2\/comments?post=62"}],"version-history":[{"count":0,"href":"https:\/\/www.autoturist-ns.com\/en\/wp-json\/wp\/v2\/pages\/62\/revisions"}],"up":[{"embeddable":true,"href":"https:\/\/www.autoturist-ns.com\/en\/wp-json\/wp\/v2\/pages\/2"}],"wp:attachment":[{"href":"https:\/\/www.autoturist-ns.com\/en\/wp-json\/wp\/v2\/media?parent=62"}],"curies":[{"name":"wp","href":"https:\/\/api.w.org\/{rel}","templated":true}]}}